{"id":797,"date":"2025-07-02T03:45:37","date_gmt":"2025-07-02T03:45:37","guid":{"rendered":"https:\/\/shthemes.net\/demosd\/renova\/?page_id=797"},"modified":"2025-12-18T15:06:23","modified_gmt":"2025-12-18T15:06:23","slug":"blog-grid","status":"publish","type":"page","link":"https:\/\/freemancontractormiami.com\/es\/blog-grid\/","title":{"rendered":"Blog Grid"},"content":{"rendered":"<div data-elementor-type=\"wp-page\" data-elementor-id=\"797\" class=\"elementor elementor-797\">\n\t\t\t\t\t\t<section class=\"elementor-section elementor-top-section elementor-element elementor-element-2367f65 elementor-section-full_width elementor-section-height-default elementor-section-height-default\" data-id=\"2367f65\" data-element_type=\"section\" data-e-type=\"section\">\n\t\t\t\t\t\t<div class=\"elementor-container elementor-column-gap-no\">\n\t\t\t\t\t<div class=\"elementor-column elementor-col-100 elementor-top-column elementor-element elementor-element-5b2807b\" data-id=\"5b2807b\" data-element_type=\"column\" data-e-type=\"column\">\n\t\t\t<div class=\"elementor-widget-wrap elementor-element-populated\">\n\t\t\t\t\t\t<div class=\"elementor-element elementor-element-172af0b elementor-align-left elementor-widget elementor-widget-bdevs-breadcrumb-type\" data-id=\"172af0b\" data-element_type=\"widget\" data-e-type=\"widget\" data-widget_type=\"bdevs-breadcrumb-type.default\">\n\t\t\t\t<div class=\"elementor-widget-container\">\n\t\t\t\t\t<div class=\"breadcrumb__area breadcrumb__bg\" style=\"background-image: url(https:\/\/freemancontractormiami.com\/wp-content\/uploads\/2025\/12\/IMG-20251201-WA0002-1.jpg);\">\r\n    <div class=\"container\">\r\n        <div class=\"row\">\r\n            <div class=\"col-lg-12\">\r\n                <div class=\"breadcrumb__content\">\r\n                    <h2 class=\"title\">About Our Services<\/h2>\r\n                    <nav class=\"breadcrumb\">\r\n                        <span property=\"itemListElement\" typeof=\"ListItem\">\r\n                            <a href=\"\">Portafolio<\/a>\r\n                        <\/span>\r\n                        <span class=\"breadcrumb-separator\">\/<\/span>\r\n                        <span property=\"itemListElement\" typeof=\"ListItem\">Blog Grid<\/span>\r\n                    <\/nav>\r\n                <\/div>\r\n            <\/div>\r\n        <\/div>\r\n    <\/div>\r\n<\/div>\r\n\t\t\t\t<\/div>\n\t\t\t\t<\/div>\n\t\t\t\t\t<\/div>\n\t\t<\/div>\n\t\t\t\t\t<\/div>\n\t\t<\/section>\n\t\t\t\t<section class=\"elementor-section elementor-top-section elementor-element elementor-element-b5eb9aa elementor-section-full_width elementor-section-height-default elementor-section-height-default\" data-id=\"b5eb9aa\" data-element_type=\"section\" data-e-type=\"section\">\n\t\t\t\t\t\t<div class=\"elementor-container elementor-column-gap-no\">\n\t\t\t\t\t<div class=\"elementor-column elementor-col-100 elementor-top-column elementor-element elementor-element-df92af4\" data-id=\"df92af4\" data-element_type=\"column\" data-e-type=\"column\">\n\t\t\t<div class=\"elementor-widget-wrap elementor-element-populated\">\n\t\t\t\t\t\t<div class=\"elementor-element elementor-element-1927bfb elementor-align-left elementor-widget elementor-widget-bdevs-blog-list\" data-id=\"1927bfb\" data-element_type=\"widget\" data-e-type=\"widget\" data-widget_type=\"bdevs-blog-list.default\">\n\t\t\t\t<div class=\"elementor-widget-container\">\n\t\t\t\t\t<section class=\"blog__post-area-three section-py-120\">\n    <div class=\"container\">\n        <div class=\"row gutter-24\">\n            <div class=\"col-lg-8\">\n            \t\t\t\t\t\t\t\t\t\t                <div class=\"blog__post-item-three\">\n\t                \t\t\t                    <div class=\"blog__post-thumb-three\">\n\t\t                        <a href=\"https:\/\/freemancontractormiami.com\/es\/reddit-iama-interview-jennifer-delgado-ceo-of-freeman-construction\/\"><img decoding=\"async\" src=\"https:\/\/freemancontractormiami.com\/wp-content\/uploads\/2026\/01\/1000069743-1.jpg\" alt=\"img\"><\/a>\n\t\t                    <\/div>\n\t\t                \t                    <div class=\"blog__post-content-three\">\n\t                        <div class=\"blog__post-meta\">\n\t                            <ul class=\"list-wrap\">\n\t                                <li>\t                                By \t                                 <a href=\"https:\/\/freemancontractormiami.com\/es\/author\/admin\/\" title=\"Entradas de admin\" rel=\"author\">admin<\/a><\/li>\n\t                                <li>20 enero, 2026<\/li>\n\t                            <\/ul>\n\t                        <\/div>\n\t                        <h2 class=\"title\"><a href=\"https:\/\/freemancontractormiami.com\/es\/reddit-iama-interview-jennifer-delgado-ceo-of-freeman-construction\/\">Reddit IAmA Interview \u2013 Jennifer Delgado, CEO of Freeman Construction<\/a><\/h2>\n\t                        <p>                            Reddit will host an upcoming IAmA (Ask Me Anything) interview with Jennifer Delgado, CEO of Freeman Construction,\u00a0 The session will give Reddit users the opportunity to ask questions about...<\/p>\n\t                        <a href=\"https:\/\/freemancontractormiami.com\/es\/reddit-iama-interview-jennifer-delgado-ceo-of-freeman-construction\/\" class=\"btn btn-two\">\n\t                        \t\t                            Read More\t                            \t                        <\/a>\n\t                    <\/div>\n\t                <\/div>\n                \t\t\t\t\t\t\t\t\t                <div class=\"blog__post-item-three\">\n\t                \t\t\t                \t<div class=\"blog__post-thumb-three\">\n\t\t                        <a href=\"https:\/\/freemancontractormiami.com\/es\/politica-de-privacidad\/\"><img decoding=\"async\" src=\"https:\/\/freemancontractormiami.com\/wp-content\/themes\/renova\/assets\/img\/blog\/blog_list01.jpg\" alt=\"img\"><\/a>\n\t\t                    <\/div>\n\t\t                \t                    <div class=\"blog__post-content-three\">\n\t                        <div class=\"blog__post-meta\">\n\t                            <ul class=\"list-wrap\">\n\t                                <li>\t                                By \t                                 <a href=\"https:\/\/freemancontractormiami.com\/es\/author\/admin\/\" title=\"Entradas de admin\" rel=\"author\">admin<\/a><\/li>\n\t                                <li>22 diciembre, 2025<\/li>\n\t                            <\/ul>\n\t                        <\/div>\n\t                        <h2 class=\"title\"><a href=\"https:\/\/freemancontractormiami.com\/es\/politica-de-privacidad\/\">Politica de Privacidad<\/a><\/h2>\n\t                        <p>                            Freeman Construction Miami \u2013 Pol\u00edtica de Privacidad Freeman Construction Miami se compromete a proteger la privacidad de nuestros clientes y visitantes de nuestro sitio web. Esta Pol\u00edtica de Privacidad...<\/p>\n\t                        <a href=\"https:\/\/freemancontractormiami.com\/es\/politica-de-privacidad\/\" class=\"btn btn-two\">\n\t                        \t\t                            Read More\t                            \t                        <\/a>\n\t                    <\/div>\n\t                <\/div>\n                \t\t\t\t\t\t\t\t\t                <div class=\"blog__post-item-three\">\n\t                \t\t\t                    <div class=\"blog__post-thumb-three\">\n\t\t                        <a href=\"https:\/\/freemancontractormiami.com\/es\/instalacion-de-portones-automaticos-en-miami\/\"><img decoding=\"async\" src=\"https:\/\/freemancontractormiami.com\/wp-content\/uploads\/2025\/11\/DSC01353-scaled.jpg\" alt=\"img\"><\/a>\n\t\t                    <\/div>\n\t\t                \t                    <div class=\"blog__post-content-three\">\n\t                        <div class=\"blog__post-meta\">\n\t                            <ul class=\"list-wrap\">\n\t                                <li>\t                                By \t                                 <a href=\"https:\/\/freemancontractormiami.com\/es\/author\/admin\/\" title=\"Entradas de admin\" rel=\"author\">admin<\/a><\/li>\n\t                                <li>**26 de noviembre de 2025**<\/li>\n\t                            <\/ul>\n\t                        <\/div>\n\t                        <h2 class=\"title\"><a href=\"https:\/\/freemancontractormiami.com\/es\/instalacion-de-portones-automaticos-en-miami\/\">Instalaci\u00f3n de Portones Autom\u00e1ticos en Miami<\/a><\/h2>\n\t                        <p>                            Instalaci\u00f3n de Portones Autom\u00e1ticos en Miami Los grandes portones autom\u00e1ticos se han convertido en una tendencia cada vez m\u00e1s popular en el sur de Florida. Se trata de una...<\/p>\n\t                        <a href=\"https:\/\/freemancontractormiami.com\/es\/instalacion-de-portones-automaticos-en-miami\/\" class=\"btn btn-two\">\n\t                        \t\t                            Read More\t                            \t                        <\/a>\n\t                    <\/div>\n\t                <\/div>\n                \t\t\t\t\t\t\t\t\t                <div class=\"blog__post-item-three\">\n\t                \t\t\t                    <div class=\"blog__post-thumb-three\">\n\t\t                        <a href=\"https:\/\/freemancontractormiami.com\/es\/automatic-gate-installation-in-miami\/\"><img decoding=\"async\" src=\"https:\/\/freemancontractormiami.com\/wp-content\/uploads\/2025\/11\/Gate.jpg\" alt=\"img\"><\/a>\n\t\t                    <\/div>\n\t\t                \t                    <div class=\"blog__post-content-three\">\n\t                        <div class=\"blog__post-meta\">\n\t                            <ul class=\"list-wrap\">\n\t                                <li>\t                                By \t                                 <a href=\"https:\/\/freemancontractormiami.com\/es\/author\/admin\/\" title=\"Entradas de admin\" rel=\"author\">admin<\/a><\/li>\n\t                                <li>**26 de noviembre de 2025**<\/li>\n\t                            <\/ul>\n\t                        <\/div>\n\t                        <h2 class=\"title\"><a href=\"https:\/\/freemancontractormiami.com\/es\/automatic-gate-installation-in-miami\/\">Automatic Gate Installation in Miami<\/a><\/h2>\n\t                        <p>                            Automatic Gate Installation in Miami Large automatic gates have become an increasingly popular trend in South Florida. It is a response to the vibrant urban environment that combines functionality...<\/p>\n\t                        <a href=\"https:\/\/freemancontractormiami.com\/es\/automatic-gate-installation-in-miami\/\" class=\"btn btn-two\">\n\t                        \t\t                            Read More\t                            \t                        <\/a>\n\t                    <\/div>\n\t                <\/div>\n                \t\t\t\t\t\t\t\t\t                <div class=\"blog__post-item-three\">\n\t                \t\t\t                    <div class=\"blog__post-thumb-three\">\n\t\t                        <a href=\"https:\/\/freemancontractormiami.com\/es\/servicios-comerciales-de-hvac-en-miami\/\"><img decoding=\"async\" src=\"https:\/\/freemancontractormiami.com\/wp-content\/uploads\/2025\/11\/hvac-r.jpg\" alt=\"img\"><\/a>\n\t\t                    <\/div>\n\t\t                \t                    <div class=\"blog__post-content-three\">\n\t                        <div class=\"blog__post-meta\">\n\t                            <ul class=\"list-wrap\">\n\t                                <li>\t                                By \t                                 <a href=\"https:\/\/freemancontractormiami.com\/es\/author\/admin\/\" title=\"Entradas de admin\" rel=\"author\">admin<\/a><\/li>\n\t                                <li>**26 de noviembre de 2025**<\/li>\n\t                            <\/ul>\n\t                        <\/div>\n\t                        <h2 class=\"title\"><a href=\"https:\/\/freemancontractormiami.com\/es\/servicios-comerciales-de-hvac-en-miami\/\">Servicios Comerciales de HVAC en Miami<\/a><\/h2>\n\t                        <p>                            Servicios Comerciales de HVAC en Miami En Miami, donde la actividad econ\u00f3mica es constante y diversa, los sistemas de HVAC representan un soporte t\u00e9cnico imprescindible para negocios de todos...<\/p>\n\t                        <a href=\"https:\/\/freemancontractormiami.com\/es\/servicios-comerciales-de-hvac-en-miami\/\" class=\"btn btn-two\">\n\t                        \t\t                            Read More\t                            \t                        <\/a>\n\t                    <\/div>\n\t                <\/div>\n                                <nav class=\"pagination__wrap mt-25\">\n                    \t\t\t    \t\t<ul class=\"list-wrap\">\n\t<li><span aria-label=\"P\u00e1gina 1\" aria-current=\"page\" class=\"page-numbers current\" data-no-translation-aria-label=\"\">1<\/span><\/li>\n\t<li><a aria-label=\"P\u00e1gina 2\" class=\"page-numbers\" href=\"https:\/\/freemancontractormiami.com\/es\/wp-json\/wp\/v2\/pages\/797\/page\/2\/\" data-no-translation-aria-label=\"\">2<\/a><\/li>\n\t<li><a class=\"next page-numbers\" href=\"https:\/\/freemancontractormiami.com\/es\/wp-json\/wp\/v2\/pages\/797\/page\/2\/\"><i class=\"fas fa-angle-double-right\"><\/i><\/a><\/li>\n<\/ul>\n\t\t\t      \t\t\t\t      \t                <\/nav>\n            <\/div>\n            <div class=\"col-lg-4\">\n                <aside class=\"blog__sidebar\">\n                    \t\t\t<div class=\"blog__widget widget_search widget_search\" id=\"widget_search\">\t\t<h4 class=\"blog__widget-title\">Search Here<\/h4>\r\n        <div class=\"blog__search\">\r\n\t        <form action=\"https:\/\/freemancontractormiami.com\/es\/\" class=\"blog__search-form\" data-trp-original-action=\"https:\/\/freemancontractormiami.com\/es\/\">\r\n\t            <input type=\"search\" name=\"s\" placeholder=\"Enter Keyword\" value=\"\">\r\n\t            <button type=\"submit\"><i class=\"renova-search-2\"><\/i><\/button>\r\n\t        <input type=\"hidden\" name=\"trp-form-language\" value=\"es\"\/><\/form>\r\n\t    <\/div>\r\n\t\t<\/div><div class=\"blog__widget widget_categories widget_categories\" id=\"widget_categories\"><h4 class=\"blog__widget-title\">Categories<\/h4>\n\t\t\t<ul>\n\t\t\t\t\t<li class=\"cat-item cat-item-19\"><a href=\"https:\/\/freemancontractormiami.com\/es\/category\/all-in-one-services\/\">All in one Services<\/a>\n<\/li>\n\t<li class=\"cat-item cat-item-20\"><a href=\"https:\/\/freemancontractormiami.com\/es\/category\/architectural-development\/\">Architectural Development<\/a>\n<\/li>\n\t<li class=\"cat-item cat-item-60\"><a href=\"https:\/\/freemancontractormiami.com\/es\/category\/es\/\">es<\/a>\n<\/li>\n\t<li class=\"cat-item cat-item-57\"><a href=\"https:\/\/freemancontractormiami.com\/es\/category\/gate-repair-info\/\">Gate Repair Info<\/a>\n<\/li>\n\t<li class=\"cat-item cat-item-62\"><a href=\"https:\/\/freemancontractormiami.com\/es\/category\/media-and-press\/\">Media and Press<\/a>\n<\/li>\n\t<li class=\"cat-item cat-item-1\"><a href=\"https:\/\/freemancontractormiami.com\/es\/category\/uncategorized\/\">Uncategorized<\/a>\n<\/li>\n\t\t\t<\/ul>\n\n\t\t\t<\/div>\t\t<div class=\"blog__widget widget_news widget_news\" id=\"widget_news\">\t\t<h4 class=\"blog__widget-title\">Recent Posts<\/h4>\t\t<div class=\"blog__rc-post-wrap\">\r\n\t      \t\t\t\t\t\t\t\t            <div class=\"blog__rc-post-item\">\r\n\t            \t\t\t\t            <div class=\"thumb\">\r\n\t\t\t                <a href=\"https:\/\/freemancontractormiami.com\/es\/reddit-iama-interview-jennifer-delgado-ceo-of-freeman-construction\/\"><img decoding=\"async\" src=\"https:\/\/freemancontractormiami.com\/wp-content\/uploads\/2026\/01\/1000069743-1.jpg\" alt=\"img\"><\/a>\r\n\t\t\t            <\/div>\r\n\t\t            \t\t            <div class=\"content\">\r\n\t\t                <span class=\"date\"><i class=\"renova-clock\"><\/i>20 Ene, 2026<\/span>\r\n\t\t                \t\t                \t<h2 class=\"title\"><a href=\"https:\/\/freemancontractormiami.com\/es\/reddit-iama-interview-jennifer-delgado-ceo-of-freeman-construction\/\">Reddit will host an upcoming IAmA (Ask Me Anything) interview with Jennifer Delgado<\/a><\/h2>\r\n\t\t                \t\r\n\t\t            <\/div>\r\n\t\t        <\/div>\r\n\t       \t\t\t\t\t\t\t\t            <div class=\"blog__rc-post-item\">\r\n\t            \t\t\t            \t<div class=\"thumb\">\r\n\t\t\t                <a href=\"https:\/\/freemancontractormiami.com\/es\/politica-de-privacidad\/\"><img decoding=\"async\" src=\"https:\/\/freemancontractormiami.com\/wp-content\/themes\/renova\/assets\/img\/blog\/rc_post01.jpg\" alt=\"img\"><\/a>\r\n\t\t\t            <\/div>\r\n\t\t            \t\t            <div class=\"content\">\r\n\t\t                <span class=\"date\"><i class=\"renova-clock\"><\/i>22 Dic, 2025<\/span>\r\n\t\t                \t\t                \t<h2 class=\"title\"><a href=\"https:\/\/freemancontractormiami.com\/es\/politica-de-privacidad\/\">Politica de Privacidad<\/a><\/h2>\r\n\t\t                \t\r\n\t\t            <\/div>\r\n\t\t        <\/div>\r\n\t       \t\t\t\t\t\t\t\t            <div class=\"blog__rc-post-item\">\r\n\t            \t\t\t\t            <div class=\"thumb\">\r\n\t\t\t                <a href=\"https:\/\/freemancontractormiami.com\/es\/instalacion-de-portones-automaticos-en-miami\/\"><img decoding=\"async\" src=\"https:\/\/freemancontractormiami.com\/wp-content\/uploads\/2025\/11\/DSC01353-scaled.jpg\" alt=\"img\"><\/a>\r\n\t\t\t            <\/div>\r\n\t\t            \t\t            <div class=\"content\">\r\n\t\t                <span class=\"date\"><i class=\"renova-clock\"><\/i>26 Nov, 2025<\/span>\r\n\t\t                \t\t                \t<h2 class=\"title\"><a href=\"https:\/\/freemancontractormiami.com\/es\/instalacion-de-portones-automaticos-en-miami\/\">Instalaci\u00f3n de Portones Autom\u00e1ticos en Miami<\/a><\/h2>\r\n\t\t                \t\r\n\t\t            <\/div>\r\n\t\t        <\/div>\r\n\t       \t       \t<\/div>\r\n\r\n\t\t<\/div><div class=\"widget_text blog__widget widget_custom_html widget_custom_html\" id=\"widget_custom_html\"><h4 class=\"blog__widget-title\">Gallery Posts<\/h4><div class=\"textwidget custom-html-widget\"><div class=\"blog__gallery-wrap\">\r\n<ul class=\"list-wrap\">\r\n<li>\r\n<a href=\"https:\/\/www.instagram.com\/p\/DMeVX3UzlHR\/\"><img decoding=\"async\" src=\"https:\/\/shthemes.net\/demosd\/renova\/wp-content\/uploads\/2025\/06\/blog_gallery01.jpg\" alt=\"img\"><\/a>\r\n<\/li>\r\n<li>\r\n<a href=\"https:\/\/www.instagram.com\/p\/DMeVutnzW1u\/\"><img decoding=\"async\" src=\"https:\/\/shthemes.net\/demosd\/renova\/wp-content\/uploads\/2025\/06\/blog_gallery02.jpg\" alt=\"img\"><\/a>\r\n<\/li>\r\n<li>\r\n<a href=\"https:\/\/www.instagram.com\/p\/DMeVyWRTGRf\/\"><img decoding=\"async\" src=\"https:\/\/shthemes.net\/demosd\/renova\/wp-content\/uploads\/2025\/06\/blog_gallery03.jpg\" alt=\"img\"><\/a>\r\n<\/li>\r\n<li>\r\n<a href=\"https:\/\/www.instagram.com\/p\/DMeV2IJzICD\/\"><img decoding=\"async\" src=\"https:\/\/shthemes.net\/demosd\/renova\/wp-content\/uploads\/2025\/06\/blog_gallery04.jpg\" alt=\"img\"><\/a>\r\n<\/li>\r\n<li>\r\n<a href=\"https:\/\/www.instagram.com\/p\/DMeWDe5TbKz\/\"><img decoding=\"async\" src=\"https:\/\/shthemes.net\/demosd\/renova\/wp-content\/uploads\/2025\/06\/blog_gallery05.jpg\" alt=\"img\"><\/a>\r\n<\/li>\r\n<li>\r\n<a href=\"https:\/\/www.instagram.com\/p\/DMeWHS-ziu8\/\"><img decoding=\"async\" src=\"https:\/\/shthemes.net\/demosd\/renova\/wp-content\/uploads\/2025\/06\/blog_gallery06.jpg\" alt=\"img\"><\/a>\r\n<\/li>\r\n<li>\r\n<a href=\"https:\/\/www.instagram.com\/p\/DMeWSTKz9q9\/\"><img decoding=\"async\" src=\"https:\/\/shthemes.net\/demosd\/renova\/wp-content\/uploads\/2025\/06\/blog_gallery07.jpg\" alt=\"img\"><\/a>\r\n<\/li>\r\n<li>\r\n<a href=\"https:\/\/www.instagram.com\/p\/DMeWWA0zGPR\/\"><img decoding=\"async\" src=\"https:\/\/shthemes.net\/demosd\/renova\/wp-content\/uploads\/2025\/06\/blog_gallery08.jpg\" alt=\"img\"><\/a>\r\n<\/li>\r\n<\/ul>\r\n<\/div><\/div><\/div><div class=\"blog__widget widget_tag_cloud widget_tag_cloud\" id=\"widget_tag_cloud\"><h4 class=\"blog__widget-title\">Popular Tags<\/h4><div class=\"tagcloud\"><ul class='wp-tag-cloud' role='list'>\n\t<li><a href=\"https:\/\/freemancontractormiami.com\/es\/tag\/finance\/\" class=\"tag-cloud-link tag-link-25 tag-link-position-1\" style=\"font-size: 11px;\" aria-label=\"Finance (1 elemento)\">Finance<\/a><\/li>\n\t<li><a href=\"https:\/\/freemancontractormiami.com\/es\/tag\/solution\/\" class=\"tag-cloud-link tag-link-28 tag-link-position-2\" style=\"font-size: 11px;\" aria-label=\"Solution (1 elemento)\">Solution<\/a><\/li>\n\t<li><a href=\"https:\/\/freemancontractormiami.com\/es\/tag\/speed\/\" class=\"tag-cloud-link tag-link-29 tag-link-position-3\" style=\"font-size: 11px;\" aria-label=\"Speed (1 elemento)\">Speed<\/a><\/li>\n<\/ul>\n<\/div>\n<\/div>                 <\/aside>\n            <\/div>\n        <\/div>\n    <\/div>\n<\/section>\n\t\t\t\t<\/div>\n\t\t\t\t<\/div>\n\t\t\t\t<div class=\"elementor-element elementor-element-c8c690b elementor-align-left elementor-widget elementor-widget-bdevs-cta-service\" data-id=\"c8c690b\" data-element_type=\"widget\" data-e-type=\"widget\" data-widget_type=\"bdevs-cta-service.default\">\n\t\t\t\t<div class=\"elementor-widget-container\">\n\t\t\t\t\t<section class=\"cta__area fix\">\r\n    <div class=\"cta__bg\" style=\"background-image: url(https:\/\/shthemes.net\/demosd\/renova\/wp-content\/uploads\/2025\/06\/cta_bg.jpg);\"><\/div>\r\n    <div class=\"container\">\r\n        <div class=\"row align-items-end\">\r\n            <div class=\"col-lg-8\">\r\n                <div class=\"cta__content\">\r\n                    <h2 class=\"title\">Listos Para Trabajar con Nosotros? <br> .<\/h2>\r\n                    <div class=\"cta__btn\">\r\n                        <a href=\"https:\/\/freemancontractormiami.com\/es\/contact-us\/\" class=\"btn btn-two\">Construyamos juntos <img decoding=\"async\" src=\"https:\/\/shthemes.net\/demosd\/renova\/wp-content\/uploads\/2025\/06\/right_arrow.svg\" alt=\"\" class=\"injectable\"><\/a>\r\n                        <a href=\"https:\/\/freemancontractormiami.com\/es\/contact-us\/\" class=\"btn transparent-btn\">Contacto con nosotros <img decoding=\"async\" src=\"https:\/\/shthemes.net\/demosd\/renova\/wp-content\/uploads\/2025\/06\/right_arrow.svg\" alt=\"\" class=\"injectable\"><\/a>\r\n                    <\/div>\r\n                <\/div>\r\n            <\/div>\r\n            <div class=\"col-lg-4\">\r\n                <div class=\"cta__content-right\" data-aos=\"fade-up\" data-aos-delay=\"600\">\r\n                    <h4 class=\"title\">Desarrollador l\u00edder de proyectos comerciales y residenciales<\/h4>\r\n                <\/div>\r\n            <\/div>\r\n        <\/div>\r\n    <\/div>\r\n    <div class=\"cta__shape\">\r\n        <img decoding=\"async\" src=\"https:\/\/shthemes.net\/demosd\/renova\/wp-content\/uploads\/2025\/06\/cta_shape.png\" alt=\"shape\" data-aos=\"fade-down-left\" data-aos-delay=\"400\">\r\n    <\/div>\r\n<\/section>\r\n\t\t\t\t<\/div>\n\t\t\t\t<\/div>\n\t\t\t\t\t<\/div>\n\t\t<\/div>\n\t\t\t\t\t<\/div>\n\t\t<\/section>\n\t\t\t\t<\/div>","protected":false},"excerpt":{"rendered":"<p>About Our Services Home \/ Blog Grid By admin 26 November, 2025 Instalaci\u00f3n de Portones Autom\u00e1ticos en Miami Instalaci\u00f3n de Portones Autom\u00e1ticos en Miami Los grandes portones autom\u00e1ticos se han convertido en una tendencia cada vez m\u00e1s popular en el sur de Florida. Se trata de una&#8230; Read More By admin 26 November, 2025 Automatic [&hellip;]<\/p>\n","protected":false},"author":1,"featured_media":0,"parent":0,"menu_order":0,"comment_status":"closed","ping_status":"closed","template":"page-templates\/home.php","meta":{"inline_featured_image":false,"footnotes":""},"class_list":["post-797","page","type-page","status-publish","hentry"],"_links":{"self":[{"href":"https:\/\/freemancontractormiami.com\/es\/wp-json\/wp\/v2\/pages\/797","targetHints":{"allow":["GET"]}}],"collection":[{"href":"https:\/\/freemancontractormiami.com\/es\/wp-json\/wp\/v2\/pages"}],"about":[{"href":"https:\/\/freemancontractormiami.com\/es\/wp-json\/wp\/v2\/types\/page"}],"author":[{"embeddable":true,"href":"https:\/\/freemancontractormiami.com\/es\/wp-json\/wp\/v2\/users\/1"}],"replies":[{"embeddable":true,"href":"https:\/\/freemancontractormiami.com\/es\/wp-json\/wp\/v2\/comments?post=797"}],"version-history":[{"count":14,"href":"https:\/\/freemancontractormiami.com\/es\/wp-json\/wp\/v2\/pages\/797\/revisions"}],"predecessor-version":[{"id":2580,"href":"https:\/\/freemancontractormiami.com\/es\/wp-json\/wp\/v2\/pages\/797\/revisions\/2580"}],"wp:attachment":[{"href":"https:\/\/freemancontractormiami.com\/es\/wp-json\/wp\/v2\/media?parent=797"}],"curies":[{"name":"wp","href":"https:\/\/api.w.org\/{rel}","templated":true}]}}