{"id":669,"date":"2025-06-30T08:01:56","date_gmt":"2025-06-30T08:01:56","guid":{"rendered":"https:\/\/shthemes.net\/demosd\/renova\/?page_id=669"},"modified":"2025-12-23T17:13:55","modified_gmt":"2025-12-23T17:13:55","slug":"our-clients","status":"publish","type":"page","link":"https:\/\/freemancontractormiami.com\/es\/our-clients\/","title":{"rendered":"Nuestros Clientes"},"content":{"rendered":"<div data-elementor-type=\"wp-page\" data-elementor-id=\"669\" class=\"elementor elementor-669\">\n\t\t\t\t\t\t<section class=\"elementor-section elementor-top-section elementor-element elementor-element-28a4176 elementor-section-full_width elementor-section-height-default elementor-section-height-default\" data-id=\"28a4176\" data-element_type=\"section\" data-e-type=\"section\">\n\t\t\t\t\t\t<div class=\"elementor-container elementor-column-gap-no\">\n\t\t\t\t\t<div class=\"elementor-column elementor-col-100 elementor-top-column elementor-element elementor-element-543f96a\" data-id=\"543f96a\" data-element_type=\"column\" data-e-type=\"column\">\n\t\t\t<div class=\"elementor-widget-wrap elementor-element-populated\">\n\t\t\t\t\t\t<div class=\"elementor-element elementor-element-76f0a3b elementor-align-left elementor-widget elementor-widget-bdevs-breadcrumb-type\" data-id=\"76f0a3b\" data-element_type=\"widget\" data-e-type=\"widget\" data-widget_type=\"bdevs-breadcrumb-type.default\">\n\t\t\t\t<div class=\"elementor-widget-container\">\n\t\t\t\t\t<div class=\"breadcrumb__area breadcrumb__bg\" style=\"background-image: url(https:\/\/freemancontractormiami.com\/wp-content\/uploads\/2025\/11\/2020-10-15-1.webp);\">\r\n    <div class=\"container\">\r\n        <div class=\"row\">\r\n            <div class=\"col-lg-12\">\r\n                <div class=\"breadcrumb__content\">\r\n                    <h2 class=\"title\">Nuestro Cliente<\/h2>\r\n                    <nav class=\"breadcrumb\">\r\n                        <span property=\"itemListElement\" typeof=\"ListItem\">\r\n                            <a href=\"\">Portafolio<\/a>\r\n                        <\/span>\r\n                        <span class=\"breadcrumb-separator\">\/<\/span>\r\n                        <span property=\"itemListElement\" typeof=\"ListItem\">Nuestro Cliente<\/span>\r\n                    <\/nav>\r\n                <\/div>\r\n            <\/div>\r\n        <\/div>\r\n    <\/div>\r\n<\/div>\r\n\t\t\t\t<\/div>\n\t\t\t\t<\/div>\n\t\t\t\t\t<\/div>\n\t\t<\/div>\n\t\t\t\t\t<\/div>\n\t\t<\/section>\n\t\t\t\t<section class=\"elementor-section elementor-top-section elementor-element elementor-element-1fe7d8e elementor-section-full_width elementor-section-height-default elementor-section-height-default\" data-id=\"1fe7d8e\" data-element_type=\"section\" data-e-type=\"section\">\n\t\t\t\t\t\t<div class=\"elementor-container elementor-column-gap-no\">\n\t\t\t\t\t<div class=\"elementor-column elementor-col-100 elementor-top-column elementor-element elementor-element-1a4d5cb\" data-id=\"1a4d5cb\" data-element_type=\"column\" data-e-type=\"column\">\n\t\t\t<div class=\"elementor-widget-wrap elementor-element-populated\">\n\t\t\t\t\t\t<div class=\"elementor-element elementor-element-f245e4c elementor-align-left elementor-widget elementor-widget-bdevs-area-counter\" data-id=\"f245e4c\" data-element_type=\"widget\" data-e-type=\"widget\" data-widget_type=\"bdevs-area-counter.default\">\n\t\t\t\t<div class=\"elementor-widget-container\">\n\t\t\t\t\t<section class=\"counter__area-three section-pt-120 section-pb-90\">\r\n    <div class=\"container\">\r\n        <div class=\"row\">\r\n            <div class=\"col-lg-6\">\r\n                <div class=\"section__title section__title-three mb-60\">\r\n                    <span class=\"sub-title\">El crecimiento de nuestra empresa<\/span>\r\n                    <h2 class=\"title\">Excelencia impulsada para obtener resultados incomparables.<\/h2>\r\n                <\/div>\r\n            <\/div>\r\n        <\/div>\r\n        <div class=\"row gutter-24\">\r\n        \t\t            <div class=\"col-lg-3 col-sm-6\">\r\n\t                <div class=\"counter__item-three\">\r\n\t                    <div class=\"counter__icon-three\">\r\n\t                        <i class=\"renova-rocket\"><\/i>\r\n\t                    <\/div>\r\n\t                    <div class=\"counter__content-three\">\r\n\t                        <h2 class=\"count\"><span class=\"odometer\" data-count=\"158\"><\/span>+<\/h2>\r\n\t                        <p>Nuevos Projectos<\/p>\r\n\t                    <\/div>\r\n\t                <\/div>\r\n\t            <\/div>\r\n            \t            <div class=\"col-lg-3 col-sm-6\">\r\n\t                <div class=\"counter__item-three\">\r\n\t                    <div class=\"counter__icon-three\">\r\n\t                        <i class=\"renova-user-rating\"><\/i>\r\n\t                    <\/div>\r\n\t                    <div class=\"counter__content-three\">\r\n\t                        <h2 class=\"count\"><span class=\"odometer\" data-count=\"182\"><\/span>+<\/h2>\r\n\t                        <p>Nuestros clientes<\/p>\r\n\t                    <\/div>\r\n\t                <\/div>\r\n\t            <\/div>\r\n            \t            <div class=\"col-lg-3 col-sm-6\">\r\n\t                <div class=\"counter__item-three\">\r\n\t                    <div class=\"counter__icon-three\">\r\n\t                        <i class=\"renova-construction\"><\/i>\r\n\t                    <\/div>\r\n\t                    <div class=\"counter__content-three\">\r\n\t                        <h2 class=\"count\"><span class=\"odometer\" data-count=\"25\"><\/span>+<\/h2>\r\n\t                        <p>Projectos<\/p>\r\n\t                    <\/div>\r\n\t                <\/div>\r\n\t            <\/div>\r\n            \t            <div class=\"col-lg-3 col-sm-6\">\r\n\t                <div class=\"counter__item-three\">\r\n\t                    <div class=\"counter__icon-three\">\r\n\t                        <i class=\"renova-group\"><\/i>\r\n\t                    <\/div>\r\n\t                    <div class=\"counter__content-three\">\r\n\t                        <h2 class=\"count\"><span class=\"odometer\" data-count=\"1000\"><\/span>+<\/h2>\r\n\t                        <p>Personal y Equipo<\/p>\r\n\t                    <\/div>\r\n\t                <\/div>\r\n\t            <\/div>\r\n                    <\/div>\r\n    <\/div>\r\n<\/section>\r\n\t\t\t\t<\/div>\n\t\t\t\t<\/div>\n\t\t\t\t\t<\/div>\n\t\t<\/div>\n\t\t\t\t\t<\/div>\n\t\t<\/section>\n\t\t\t\t<section class=\"elementor-section elementor-top-section elementor-element elementor-element-0a957c9 elementor-section-full_width elementor-section-height-default elementor-section-height-default\" data-id=\"0a957c9\" data-element_type=\"section\" data-e-type=\"section\">\n\t\t\t\t\t\t<div class=\"elementor-container elementor-column-gap-no\">\n\t\t\t\t\t<div class=\"elementor-column elementor-col-100 elementor-top-column elementor-element elementor-element-4f67434\" data-id=\"4f67434\" data-element_type=\"column\" data-e-type=\"column\">\n\t\t\t<div class=\"elementor-widget-wrap elementor-element-populated\">\n\t\t\t\t\t\t<div class=\"elementor-element elementor-element-2fc2825 elementor-widget elementor-widget-html\" data-id=\"2fc2825\" data-element_type=\"widget\" data-e-type=\"widget\" data-widget_type=\"html.default\">\n\t\t\t\t\t<style>\n div.client__thumb.shine__animate-link\n{ height:190px; object-fit: fill !important;}\n<\/style>\t\t\t\t<\/div>\n\t\t\t\t<div class=\"elementor-element elementor-element-4a2ff55 elementor-align-left elementor-widget elementor-widget-bdevs-area-client\" data-id=\"4a2ff55\" data-element_type=\"widget\" data-e-type=\"widget\" data-widget_type=\"bdevs-area-client.default\">\n\t\t\t\t<div class=\"elementor-widget-container\">\n\t\t\t\t\t<section class=\"client__area section-pt-120 section-pb-90\">\r\n    <div class=\"container\">\r\n        <div class=\"row justify-content-center\">\r\n            <div class=\"col-xl-6 col-lg-8\">\r\n                <div class=\"section__title section__title-three text-center mb-50\">\r\n                    <span class=\"sub-title\">Clientes en trabajo<\/span>\r\n                    <h2 class=\"title\">Proyectos recientes de remodelaci\u00f3n<\/h2>\r\n                <\/div>\r\n            <\/div>\r\n        <\/div>\r\n        <div class=\"row gutter-24 justify-content-center\">\r\n        \t\t            <div class=\"col-xl-3 col-lg-4 col-md-6\">\r\n\t                <div class=\"client__item shine__animate-item\">\r\n\t                    <div class=\"client__thumb shine__animate-link\">\r\n\t                        <img decoding=\"async\" src=\"https:\/\/freemancontractormiami.com\/wp-content\/uploads\/2025\/11\/seven.jpg\" alt=\"img\">\r\n\t                        <div class=\"client__logo\">\r\n\t                            <img decoding=\"async\" src=\"https:\/\/freemancontractormiami.com\/wp-content\/uploads\/2025\/11\/Untitled-design-2.jpg\" alt=\"\">\r\n\t                        <\/div>\r\n\t                    <\/div>\r\n\t                    <div class=\"client__content\">\r\n\t                        <span>Seven Logik<\/span>\r\n\t                        <h2 class=\"title\"><a href=\"https:\/\/freemancontractormiami.com\/es\/contact-us\/\">Remodelaci\u00f3n de Oficina Nueva<\/a><\/h2>\r\n\t                        <a href=\"https:\/\/freemancontractormiami.com\/es\/contact-us\/\" class=\"btn\">Obt\u00e9n nuestro servicio <img decoding=\"async\" src=\"https:\/\/shthemes.net\/demosd\/renova\/wp-content\/uploads\/2025\/06\/right_arrow.svg\" alt=\"\" class=\"injectable\"><\/a>\r\n\t                    <\/div>\r\n\t                <\/div>\r\n\t            <\/div>\r\n            \t            <div class=\"col-xl-3 col-lg-4 col-md-6\">\r\n\t                <div class=\"client__item shine__animate-item\">\r\n\t                    <div class=\"client__thumb shine__animate-link\">\r\n\t                        <img decoding=\"async\" src=\"https:\/\/freemancontractormiami.com\/wp-content\/uploads\/2025\/11\/gallardo-hialeah-office-lobby.jpg\" alt=\"img\">\r\n\t                        <div class=\"client__logo\">\r\n\t                            <img decoding=\"async\" src=\"https:\/\/freemancontractormiami.com\/wp-content\/uploads\/2025\/11\/Untitled-design-3.jpg\" alt=\"\">\r\n\t                        <\/div>\r\n\t                    <\/div>\r\n\t                    <div class=\"client__content\">\r\n\t                        <span>Gallardo Law Firm<\/span>\r\n\t                        <h2 class=\"title\"><a href=\"https:\/\/freemancontractormiami.com\/es\/contact-us\/\">Dise\u00f1o\/Renovaci\u00f3n de oficinas<\/a><\/h2>\r\n\t                        <a href=\"https:\/\/freemancontractormiami.com\/es\/contact-us\/\" class=\"btn\">Obt\u00e9n nuestro servicio <img decoding=\"async\" src=\"https:\/\/shthemes.net\/demosd\/renova\/wp-content\/uploads\/2025\/06\/right_arrow.svg\" alt=\"\" class=\"injectable\"><\/a>\r\n\t                    <\/div>\r\n\t                <\/div>\r\n\t            <\/div>\r\n            \t            <div class=\"col-xl-3 col-lg-4 col-md-6\">\r\n\t                <div class=\"client__item shine__animate-item\">\r\n\t                    <div class=\"client__thumb shine__animate-link\">\r\n\t                        <img decoding=\"async\" src=\"https:\/\/freemancontractormiami.com\/wp-content\/uploads\/2025\/11\/aria-smile-design-clinic-miami-1.jpg\" alt=\"img\">\r\n\t                        <div class=\"client__logo\">\r\n\t                            <img decoding=\"async\" src=\"https:\/\/freemancontractormiami.com\/wp-content\/uploads\/2025\/11\/Untitled-design-4.jpg\" alt=\"\">\r\n\t                        <\/div>\r\n\t                    <\/div>\r\n\t                    <div class=\"client__content\">\r\n\t                        <span>Aria Smile Design<\/span>\r\n\t                        <h2 class=\"title\"><a href=\"https:\/\/freemancontractormiami.com\/es\/contact-us\/\">Interior de la cl\u00ednica<\/a><\/h2>\r\n\t                        <a href=\"https:\/\/freemancontractormiami.com\/es\/contact-us\/\" class=\"btn\">Obt\u00e9n nuestro servicio <img decoding=\"async\" src=\"https:\/\/shthemes.net\/demosd\/renova\/wp-content\/uploads\/2025\/06\/right_arrow.svg\" alt=\"\" class=\"injectable\"><\/a>\r\n\t                    <\/div>\r\n\t                <\/div>\r\n\t            <\/div>\r\n            \t            <div class=\"col-xl-3 col-lg-4 col-md-6\">\r\n\t                <div class=\"client__item shine__animate-item\">\r\n\t                    <div class=\"client__thumb shine__animate-link\">\r\n\t                        <img decoding=\"async\" src=\"https:\/\/freemancontractormiami.com\/wp-content\/uploads\/2025\/11\/504912144_1311297481001376_7959073091185668058_n.jpg\" alt=\"img\">\r\n\t                        <div class=\"client__logo\">\r\n\t                            <img decoding=\"async\" src=\"https:\/\/freemancontractormiami.com\/wp-content\/uploads\/2025\/11\/Untitled-design-5.jpg\" alt=\"\">\r\n\t                        <\/div>\r\n\t                    <\/div>\r\n\t                    <div class=\"client__content\">\r\n\t                        <span>Care 4 Hair<\/span>\r\n\t                        <h2 class=\"title\"><a href=\"https:\/\/freemancontractormiami.com\/es\/contact-us\/\">Renovaci\u00f3n de oficinas<\/a><\/h2>\r\n\t                        <a href=\"https:\/\/freemancontractormiami.com\/es\/contact-us\/\" class=\"btn\">Obt\u00e9n nuestro servicio <img decoding=\"async\" src=\"https:\/\/shthemes.net\/demosd\/renova\/wp-content\/uploads\/2025\/06\/right_arrow.svg\" alt=\"\" class=\"injectable\"><\/a>\r\n\t                    <\/div>\r\n\t                <\/div>\r\n\t            <\/div>\r\n                    <\/div>\r\n    <\/div>\r\n<\/section>\r\n\t\t\t\t<\/div>\n\t\t\t\t<\/div>\n\t\t\t\t\t<\/div>\n\t\t<\/div>\n\t\t\t\t\t<\/div>\n\t\t<\/section>\n\t\t\t\t<section class=\"elementor-section elementor-top-section elementor-element elementor-element-43e8a2c elementor-section-full_width elementor-section-height-default elementor-section-height-default\" data-id=\"43e8a2c\" data-element_type=\"section\" data-e-type=\"section\">\n\t\t\t\t\t\t<div class=\"elementor-container elementor-column-gap-no\">\n\t\t\t\t\t<div class=\"elementor-column elementor-col-100 elementor-top-column elementor-element elementor-element-7ab6f87\" data-id=\"7ab6f87\" data-element_type=\"column\" data-e-type=\"column\">\n\t\t\t<div class=\"elementor-widget-wrap elementor-element-populated\">\n\t\t\t\t\t\t<div class=\"elementor-element elementor-element-738eb6b elementor-align-left elementor-widget elementor-widget-bdevs-area-support\" data-id=\"738eb6b\" data-element_type=\"widget\" data-e-type=\"widget\" data-widget_type=\"bdevs-area-support.default\">\n\t\t\t\t<div class=\"elementor-widget-container\">\n\t\t\t\t\t<section class=\"support__area section-pb-120\">\r\n    <div class=\"container\">\r\n        <div class=\"row align-items-center\">\r\n            <div class=\"col-lg-6 order-0 order-lg-2\">\r\n                <div class=\"support__img\">\r\n                    <img decoding=\"async\" src=\"https:\/\/freemancontractormiami.com\/wp-content\/uploads\/2025\/12\/DSC01346-scaled.jpg\" alt=\"img\" class=\"wow img-custom-anim-right animated\" data-wow-duration=\"1.5s\" data-wow-delay=\"0.2s\">\r\n                <\/div>\r\n            <\/div>\r\n            <div class=\"col-lg-6\">\r\n                <div class=\"support__content\">\r\n                    <div class=\"section__title section__title-three mb-25\">\r\n                        <span class=\"sub-title\">Soporte de nuestro equipo<\/span>\r\n                        <h2 class=\"title\">Nuestro equipo est\u00e1 aqu\u00ed para apoyar siempre a su equipo<\/h2>\r\n                    <\/div>\r\n                    <p>Cuando tu hogar o negocio necesita un servicio confiable, soluciones r\u00e1pidas y un equipo en el que puedas confiar, estamos aqu\u00ed para ayudarte. En Freeman Contractor Miami, creemos que el apoyo no es solo una promesa, sino un compromiso de estar presentes siempre que tu propiedad requiera atenci\u00f3n experta. Ya sea que est\u00e9s enfrentando problemas el\u00e9ctricos, preocupaciones de HVAC, fallas en portones o necesidades generales de contrataci\u00f3n, nuestro equipo est\u00e1 listo para intervenir y ofrecer el servicio confiable y de alta calidad que los clientes de Miami esperan.<\/p>\r\n                    <a href=\"https:\/\/freemancontractormiami.com\/es\/contact-us\/\" class=\"btn btn-two\">Hacer una cita<\/a>\r\n                <\/div>\r\n            <\/div>\r\n        <\/div>\r\n    <\/div>\r\n<\/section>\r\n\r\n\t\t\t\t<\/div>\n\t\t\t\t<\/div>\n\t\t\t\t<div class=\"elementor-element elementor-element-76da3f3 elementor-align-left elementor-widget elementor-widget-bdevs-project-home4\" data-id=\"76da3f3\" data-element_type=\"widget\" data-e-type=\"widget\" data-widget_type=\"bdevs-project-home4.default\">\n\t\t\t\t<div class=\"elementor-widget-container\">\n\t\t\t\t\t<section class=\"project__area-three\">\r\n    <div class=\"project__inner-wrap\">\r\n        <div class=\"container-fulid p-0\">\r\n            <div class=\"row gx-0\">\r\n                <div class=\"col-34\">\r\n                    <div class=\"project__item-four\">\r\n                        <div class=\"project__content-four\">\r\n                            <span class=\"date\">Freeman Construction<\/span>\r\n                            <h2 class=\"title\"><a href=\"\">Nuestro Equipo<\/a><\/h2>\r\n                            <p>Estas son las personas detr\u00e1s de cada proyecto. Contratistas y constructores certificados <\/p>\r\n                            <ul class=\"list-wrap banner__list-box\">\r\n                                Professional Engineering PE\n\nPE # 66341 CA #31044\n\nGeneral Contractor License\n\nCGC 1532017\n\nElectrical Contractor License\n\nEC 13007927\n\nPlumbing Contractor License\n\nCFC 1429863\n\nMechanical Contractor License\n\nCAC 1819129\n\nRoofing Contractor License\n\nCCC 1333615                            <\/ul>\r\n                            <a href=\"\" class=\"btn\"><img decoding=\"async\" src=\"https:\/\/freemancontractormiami.com\/wp-content\/uploads\/2025\/12\/DSC01380-scaled.jpg\" alt=\"\" class=\"injectable\"><\/a>\r\n                        <\/div>\r\n                        <div class=\"project__thumb-four\">\r\n                            <a href=\"\"><img decoding=\"async\" src=\"https:\/\/freemancontractormiami.com\/wp-content\/uploads\/2025\/12\/DSC01339-scaled.jpg\" alt=\"img\"><\/a>\r\n                            <a href=\"\"><img decoding=\"async\" src=\"https:\/\/freemancontractormiami.com\/wp-content\/uploads\/2025\/12\/DSC01316-scaled.jpg\" alt=\"img\"><\/a>\r\n                            <a href=\"\"><img decoding=\"async\" src=\"https:\/\/freemancontractormiami.com\/wp-content\/uploads\/2025\/12\/DSC01276-scaled.jpg\" alt=\"img\"><\/a>\r\n                        <\/div>\r\n                    <\/div>\r\n                <\/div>\r\n                <div class=\"col-31\">\r\n                    <div class=\"project__item-five shine__animate-item\">\r\n                        <div class=\"project__thumb-five\">\r\n                            <a href=\"\" class=\"shine__animate-link\"><img decoding=\"async\" src=\"https:\/\/freemancontractormiami.com\/wp-content\/uploads\/2025\/12\/IMG-20251201-WA0005.jpg\" alt=\"img\"><\/a>\r\n                        <\/div>\r\n                    <\/div>\r\n                <\/div>\r\n                <div class=\"col-34\">\r\n                    <div class=\"project__item-six\">\r\n                        <div class=\"project__thumb-six shine__animate-item\">\r\n                            <a href=\"\" class=\"shine__animate-link\"><img decoding=\"async\" src=\"https:\/\/freemancontractormiami.com\/wp-content\/uploads\/2025\/12\/IMG-20251201-WA0014.jpg\" alt=\"img\"><\/a>\r\n                        <\/div>\r\n                        <div class=\"project__thumb-four\">\r\n                            <a href=\"\"><img decoding=\"async\" src=\"https:\/\/freemancontractormiami.com\/wp-content\/uploads\/2025\/12\/DSC01333-scaled.jpg\" alt=\"img\"><\/a>\r\n                            <a href=\"\"><img decoding=\"async\" src=\"https:\/\/freemancontractormiami.com\/wp-content\/uploads\/2025\/12\/DSC01259-scaled.jpg\" alt=\"img\"><\/a>\r\n                            <a href=\"\"><img decoding=\"async\" src=\"https:\/\/freemancontractormiami.com\/wp-content\/uploads\/2025\/12\/DSC01249-scaled.jpg\" alt=\"img\"><\/a>\r\n                        <\/div>\r\n                    <\/div>\r\n                <\/div>\r\n            <\/div>\r\n        <\/div>\r\n    <\/div>\r\n<\/section>\r\n\t\t\t\t<\/div>\n\t\t\t\t<\/div>\n\t\t\t\t\t<\/div>\n\t\t<\/div>\n\t\t\t\t\t<\/div>\n\t\t<\/section>\n\t\t\t\t<section class=\"elementor-section elementor-top-section elementor-element elementor-element-440ed3f elementor-section-full_width elementor-section-height-default elementor-section-height-default\" data-id=\"440ed3f\" data-element_type=\"section\" data-e-type=\"section\">\n\t\t\t\t\t\t<div class=\"elementor-container elementor-column-gap-no\">\n\t\t\t\t\t<div class=\"elementor-column elementor-col-100 elementor-top-column elementor-element elementor-element-d4b63d2\" data-id=\"d4b63d2\" data-element_type=\"column\" data-e-type=\"column\">\n\t\t\t<div class=\"elementor-widget-wrap elementor-element-populated\">\n\t\t\t\t\t\t<div class=\"elementor-element elementor-element-c54f549 elementor-align-left elementor-widget elementor-widget-bdevs-cta-service\" data-id=\"c54f549\" data-element_type=\"widget\" data-e-type=\"widget\" data-widget_type=\"bdevs-cta-service.default\">\n\t\t\t\t<div class=\"elementor-widget-container\">\n\t\t\t\t\t<section class=\"cta__area fix\">\r\n    <div class=\"cta__bg\" style=\"background-image: url(https:\/\/shthemes.net\/demosd\/renova\/wp-content\/uploads\/2025\/06\/cta_bg.jpg);\"><\/div>\r\n    <div class=\"container\">\r\n        <div class=\"row align-items-end\">\r\n            <div class=\"col-lg-8\">\r\n                <div class=\"cta__content\">\r\n                    <h2 class=\"title\">Listos Para Trabajar con Nosotros? <br> .<\/h2>\r\n                    <div class=\"cta__btn\">\r\n                        <a href=\"https:\/\/shthemes.net\/demosd\/renova\/?page_id=754\" class=\"btn btn-two\">Construyamos juntos <img decoding=\"async\" src=\"https:\/\/shthemes.net\/demosd\/renova\/wp-content\/uploads\/2025\/06\/right_arrow.svg\" alt=\"\" class=\"injectable\"><\/a>\r\n                        <a href=\"https:\/\/shthemes.net\/demosd\/renova\/?page_id=754\" class=\"btn transparent-btn\">Contacto con nosotros <img decoding=\"async\" src=\"https:\/\/shthemes.net\/demosd\/renova\/wp-content\/uploads\/2025\/06\/right_arrow.svg\" alt=\"\" class=\"injectable\"><\/a>\r\n                    <\/div>\r\n                <\/div>\r\n            <\/div>\r\n            <div class=\"col-lg-4\">\r\n                <div class=\"cta__content-right\" data-aos=\"fade-up\" data-aos-delay=\"600\">\r\n                    <h4 class=\"title\">Desarrollador l\u00edder de proyectos comerciales y residenciales<\/h4>\r\n                <\/div>\r\n            <\/div>\r\n        <\/div>\r\n    <\/div>\r\n    <div class=\"cta__shape\">\r\n        <img decoding=\"async\" src=\"https:\/\/shthemes.net\/demosd\/renova\/wp-content\/uploads\/2025\/06\/cta_shape.png\" alt=\"shape\" data-aos=\"fade-down-left\" data-aos-delay=\"400\">\r\n    <\/div>\r\n<\/section>\r\n\t\t\t\t<\/div>\n\t\t\t\t<\/div>\n\t\t\t\t\t<\/div>\n\t\t<\/div>\n\t\t\t\t\t<\/div>\n\t\t<\/section>\n\t\t\t\t<\/div>","protected":false},"excerpt":{"rendered":"<p>Our Client\u2019s Home \/ Our Client\u2019s Our companies growth Excellence Driven For Getting Unrivaled Results. + REALIZED PROJECTS + AWESOME CLIENTS + ONGOING PROJECTS + Staff and Team Working Clients Recent remodeling projects Seven Logik New Office Remodeling Get Our Service Gallardo Law Firm Office Design\/Remodel Get Our Service Aria Smile Design Clinic Interior Get [&hellip;]<\/p>\n","protected":false},"author":1,"featured_media":0,"parent":0,"menu_order":0,"comment_status":"closed","ping_status":"closed","template":"page-templates\/home.php","meta":{"inline_featured_image":false,"footnotes":""},"class_list":["post-669","page","type-page","status-publish","hentry"],"_links":{"self":[{"href":"https:\/\/freemancontractormiami.com\/es\/wp-json\/wp\/v2\/pages\/669","targetHints":{"allow":["GET"]}}],"collection":[{"href":"https:\/\/freemancontractormiami.com\/es\/wp-json\/wp\/v2\/pages"}],"about":[{"href":"https:\/\/freemancontractormiami.com\/es\/wp-json\/wp\/v2\/types\/page"}],"author":[{"embeddable":true,"href":"https:\/\/freemancontractormiami.com\/es\/wp-json\/wp\/v2\/users\/1"}],"replies":[{"embeddable":true,"href":"https:\/\/freemancontractormiami.com\/es\/wp-json\/wp\/v2\/comments?post=669"}],"version-history":[{"count":34,"href":"https:\/\/freemancontractormiami.com\/es\/wp-json\/wp\/v2\/pages\/669\/revisions"}],"predecessor-version":[{"id":2698,"href":"https:\/\/freemancontractormiami.com\/es\/wp-json\/wp\/v2\/pages\/669\/revisions\/2698"}],"wp:attachment":[{"href":"https:\/\/freemancontractormiami.com\/es\/wp-json\/wp\/v2\/media?parent=669"}],"curies":[{"name":"wp","href":"https:\/\/api.w.org\/{rel}","templated":true}]}}