{"id":2066,"date":"2025-12-10T22:08:51","date_gmt":"2025-12-10T22:08:51","guid":{"rendered":"https:\/\/freemancontractormiami.com\/?page_id=2066"},"modified":"2025-12-22T19:20:06","modified_gmt":"2025-12-22T19:20:06","slug":"freeman-construction-miami-consent-to-receive-sms-and-email-communications","status":"publish","type":"page","link":"https:\/\/freemancontractormiami.com\/es\/freeman-construction-miami-consent-to-receive-sms-and-email-communications\/","title":{"rendered":"Formulario de Consentimiento"},"content":{"rendered":"<p data-start=\"209\" data-end=\"289\"><strong data-start=\"209\" data-end=\"289\">Freeman Construction Miami \u2013 Consentimiento para Recibir Comunicaciones por SMS y Correo Electr\u00f3nico<\/strong><\/p>\n<p data-start=\"291\" data-end=\"784\">Al proporcionar su n\u00famero de tel\u00e9fono y correo electr\u00f3nico, y enviar este formulario, usted da su consentimiento expreso para recibir anuncios, material promocional e informaci\u00f3n relacionada con los servicios de <strong data-start=\"467\" data-end=\"497\">Freeman Construciones de Miami<\/strong> v\u00eda SMS (mensaje de texto) y correo electr\u00f3nico. Estas comunicaciones pueden incluir informaci\u00f3n sobre los servicios de construcci\u00f3n, reparaci\u00f3n o remodelaci\u00f3n que haya solicitado, as\u00ed como otros servicios ofrecidos por Freeman Construction Miami, incluyendo Electricidad, Plomer\u00eda, HVAC, Reparaci\u00f3n de Portones y Contrataci\u00f3n General.<\/p>\n<hr data-start=\"786\" data-end=\"789\" \/>\n<h3 data-start=\"791\" data-end=\"819\"><strong data-start=\"795\" data-end=\"817\">Formulario de Consentimiento<\/strong><\/h3>\n<p data-start=\"820\" data-end=\"940\">Entiendo que los mensajes pueden enviarse utilizando un Sistema Autom\u00e1tico de Marcaci\u00f3n Telef\u00f3nica (ATDS) u otra tecnolog\u00eda automatizada.<\/p>\n<h3 data-start=\"942\" data-end=\"979\"><strong data-start=\"946\" data-end=\"977\">\u25cf Prop\u00f3sito de las Comunicaciones<\/strong><\/h3>\n<p data-start=\"980\" data-end=\"1209\">Doy mi consentimiento para recibir mensajes sobre los servicios que he solicitado, as\u00ed como ofertas promocionales, boletines, consejos de mantenimiento, recordatorios de citas e informaci\u00f3n sobre servicios adicionales proporcionados por Freeman Construction Miami.<\/p>\n<h3 data-start=\"1211\" data-end=\"1230\"><strong data-start=\"1215\" data-end=\"1228\">Opci\u00f3n de Exclusi\u00f3n<\/strong><\/h3>\n<p data-start=\"1231\" data-end=\"1391\">Entiendo que puedo dejar de recibir mensajes SMS respondiendo <strong data-start=\"1290\" data-end=\"1300\">STOP<\/strong>, y darme de baja de los correos electr\u00f3nicos haciendo clic en el <strong data-start=\"1346\" data-end=\"1363\">\u201cunsubscribe\u201d<\/strong> Link<\/p>\n<h3 data-start=\"1393\" data-end=\"1425\"><strong data-start=\"1397\" data-end=\"1423\">\u25cf Tarifas por Mensajes y Datos<\/strong><\/h3>\n<p data-start=\"1426\" data-end=\"1547\">Pueden aplicarse tarifas est\u00e1ndar por mensajes y datos. La frecuencia de los mensajes puede variar, pero puede esperar hasta <strong data-start=\"1522\" data-end=\"1546\">4 messages per month<\/strong>.<\/p>\n<h3 data-start=\"1549\" data-end=\"1581\"><strong data-start=\"1553\" data-end=\"1579\">No se Requiere Compra<\/strong><\/h3>\n<p data-start=\"1582\" data-end=\"1782\">Reconozco que mi consentimiento para recibir comunicaciones de marketing y relacionadas con servicios es <strong data-start=\"1671\" data-end=\"1678\">no<\/strong> una condici\u00f3n para la compra de servicios de construcci\u00f3n, reparaci\u00f3n o remodelaci\u00f3n de Freeman Construction Miami.<\/p>\n<hr data-start=\"1784\" data-end=\"1787\" \/>\n<p data-start=\"1789\" data-end=\"1970\">Dando Click <strong data-start=\"1801\" data-end=\"1811\">Submit<\/strong>, you agree to send your information to Freeman Construction Miami, and it will be used in accordance with our <strong data-start=\"1922\" data-end=\"1940\">Pol\u00edtica de Privacidad<\/strong> and <strong data-start=\"1945\" data-end=\"1969\">Terms and Conditions<\/strong>.<\/p>\n<hr data-start=\"1972\" data-end=\"1975\" \/>\n<h1 data-start=\"1977\" data-end=\"2007\"><strong data-start=\"1979\" data-end=\"2005\">CONSENTIMIENTO EXPRESO<\/strong><\/h1>\n<p data-start=\"2008\" data-end=\"2112\"><strong data-start=\"2008\" data-end=\"2112\">Freeman Construction Miami \u2013 Consentimiento para recibir comunicaciones por SMS y correo electr\u00f3nico<\/strong><\/p>\n<p data-start=\"2114\" data-end=\"2689\">Al proporcionar su n\u00famero de tel\u00e9fono y correo electr\u00f3nico, y enviar este formulario, usted consiente expresamente en recibir anuncios, material promocional e informaci\u00f3n relacionada con los servicios de <strong data-start=\"2318\" data-end=\"2348\">Freeman Construciones de Miami<\/strong> a trav\u00e9s de SMS (mensaje de texto) y correo electr\u00f3nico. Estas comunicaciones pueden incluir informaci\u00f3n sobre los servicios de construcci\u00f3n, reparaciones o remodelaci\u00f3n que ha solicitado, as\u00ed como otros servicios ofrecidos por Freeman Construction Miami, incluyendo El\u00e9ctrica, Plomer\u00eda, HVAC, Reparaci\u00f3n de Portones y Contrataci\u00f3n General.<\/p>\n<hr data-start=\"2691\" data-end=\"2694\" \/>\n<h3 data-start=\"2696\" data-end=\"2732\"><strong data-start=\"2700\" data-end=\"2730\">\u25cf Consentimiento para ATDS<\/strong><\/h3>\n<p data-start=\"2733\" data-end=\"2872\">Entiendo que los mensajes pueden ser enviados mediante un Sistema Autom\u00e1tico de Marcaci\u00f3n Telef\u00f3nica (ATDS) u otra tecnolog\u00eda automatizada.<\/p>\n<h3 data-start=\"2874\" data-end=\"2917\"><strong data-start=\"2878\" data-end=\"2915\">\u25cf Prop\u00f3sito de las comunicaciones<\/strong><\/h3>\n<p data-start=\"2918\" data-end=\"3167\">Consiento recibir mensajes sobre los servicios que he solicitado, as\u00ed como ofertas promocionales, boletines informativos, consejos de mantenimiento, recordatorios de citas e informaci\u00f3n sobre otros servicios ofrecidos por Freeman Construction Miami.<\/p>\n<h3 data-start=\"3169\" data-end=\"3211\"><strong data-start=\"3173\" data-end=\"3209\">\u25cf Exclusi\u00f3n voluntaria (Opt-Out)<\/strong><\/h3>\n<p data-start=\"3212\" data-end=\"3397\">Entiendo que puedo dejar de recibir mensajes SMS respondiendo <strong data-start=\"3274\" data-end=\"3284\">STOP<\/strong>, y puedo darme de baja de los correos electr\u00f3nicos haciendo clic en el enlace <strong data-start=\"3363\" data-end=\"3382\">\u201cdarse de baja\u201d<\/strong> proporcionado.<\/p>\n<h3 data-start=\"3399\" data-end=\"3438\"><strong data-start=\"3403\" data-end=\"3436\">\u25cf Tarifas de mensajes y datos<\/strong><\/h3>\n<p data-start=\"3439\" data-end=\"3594\">Pueden aplicarse tarifas est\u00e1ndar de mensajes y datos. La frecuencia de los mensajes puede variar, pero puedo esperar recibir hasta <strong data-start=\"3571\" data-end=\"3593\">4 mensajes por mes<\/strong>.<\/p>\n<h3 data-start=\"3596\" data-end=\"3629\"><strong data-start=\"3600\" data-end=\"3627\">\u25cf No se requiere compra<\/strong><\/h3>\n<p data-start=\"3630\" data-end=\"3852\">Reconozco que mi consentimiento para recibir comunicaciones de marketing y relacionadas con los servicios no es una condici\u00f3n para comprar servicios de construcci\u00f3n, reparaci\u00f3n o remodelaci\u00f3n de Freeman Construction Miami.<\/p>\n<hr data-start=\"3854\" data-end=\"3857\" \/>\n<p data-start=\"3859\" data-end=\"4053\">Al hacer clic en <strong data-start=\"3876\" data-end=\"3886\">Enviar<\/strong>, usted acepta enviar su informaci\u00f3n a Freeman Construction Miami y esta ser\u00e1 utilizada de acuerdo con nuestra <strong data-start=\"3997\" data-end=\"4023\">Pol\u00edtica de Privacidad<\/strong> y <strong data-start=\"4026\" data-end=\"4052\">T\u00e9rminos y Condiciones<\/strong>.<\/p>","protected":false},"excerpt":{"rendered":"<p>Freeman Construction Miami \u2013 Consent to Receive SMS and Email Communications By providing your phone number and email, and submitting this form, you expressly consent to receive advertisements, promotional material, and service-related information from Freeman Construction Miami via SMS (text) and email. These communications may include information about the construction, repair, or remodeling services you [&hellip;]<\/p>\n","protected":false},"author":1,"featured_media":0,"parent":0,"menu_order":0,"comment_status":"closed","ping_status":"closed","template":"","meta":{"inline_featured_image":false,"footnotes":""},"class_list":["post-2066","page","type-page","status-publish","hentry"],"_links":{"self":[{"href":"https:\/\/freemancontractormiami.com\/es\/wp-json\/wp\/v2\/pages\/2066","targetHints":{"allow":["GET"]}}],"collection":[{"href":"https:\/\/freemancontractormiami.com\/es\/wp-json\/wp\/v2\/pages"}],"about":[{"href":"https:\/\/freemancontractormiami.com\/es\/wp-json\/wp\/v2\/types\/page"}],"author":[{"embeddable":true,"href":"https:\/\/freemancontractormiami.com\/es\/wp-json\/wp\/v2\/users\/1"}],"replies":[{"embeddable":true,"href":"https:\/\/freemancontractormiami.com\/es\/wp-json\/wp\/v2\/comments?post=2066"}],"version-history":[{"count":1,"href":"https:\/\/freemancontractormiami.com\/es\/wp-json\/wp\/v2\/pages\/2066\/revisions"}],"predecessor-version":[{"id":2067,"href":"https:\/\/freemancontractormiami.com\/es\/wp-json\/wp\/v2\/pages\/2066\/revisions\/2067"}],"wp:attachment":[{"href":"https:\/\/freemancontractormiami.com\/es\/wp-json\/wp\/v2\/media?parent=2066"}],"curies":[{"name":"wp","href":"https:\/\/api.w.org\/{rel}","templated":true}]}}