{"id":2064,"date":"2025-12-10T22:07:49","date_gmt":"2025-12-10T22:07:49","guid":{"rendered":"https:\/\/freemancontractormiami.com\/?page_id=2064"},"modified":"2026-02-03T15:51:31","modified_gmt":"2026-02-03T15:51:31","slug":"freeman-construction-miami-privacy-policy","status":"publish","type":"page","link":"https:\/\/freemancontractormiami.com\/es\/freeman-construction-miami-privacy-policy\/","title":{"rendered":"Freeman Construction Miami \u2013 Pol\u00edtica de Privacidad"},"content":{"rendered":"<h1 data-start=\"152\" data-end=\"201\"><strong data-start=\"154\" data-end=\"201\">Freeman Construction Miami \u2013 Pol\u00edtica de Privacidad<\/strong><\/h1>\n<p data-start=\"203\" data-end=\"606\">Freeman Construction Miami se compromete a proteger la privacidad de nuestros clientes y visitantes de nuestro sitio web. Esta Pol\u00edtica de Privacidad explica c\u00f3mo recopilamos, usamos, almacenamos y divulgamos la informaci\u00f3n de los usuarios de nuestro sitio web. Esta pol\u00edtica se aplica \u00fanicamente a este sitio web y a todos los servicios ofrecidos directamente por Freeman Construction Miami, y <strong data-start=\"537\" data-end=\"544\">no<\/strong> a cualquier empresa u organizaci\u00f3n de terceros a la que podamos enlazar.<\/p>\n<hr data-start=\"608\" data-end=\"611\" \/>\n<h2 data-start=\"613\" data-end=\"659\"><strong data-start=\"616\" data-end=\"657\">Informaci\u00f3n sobre los Consumidores y Usuarios<\/strong><\/h2>\n<p data-start=\"660\" data-end=\"1015\">Podemos solicitar informaci\u00f3n de identificaci\u00f3n personal de varias maneras, incluyendo cuando los usuarios visitan el sitio, se registran, completan un formulario, solicitan un presupuesto, reservan un servicio o interact\u00faan con otras funciones, servicios o recursos que ofrecemos. Se le puede pedir que proporcione su nombre, correo electr\u00f3nico, n\u00famero de tel\u00e9fono, direcci\u00f3n postal o informaci\u00f3n de pago cuando sea aplicable.<\/p>\n<p data-start=\"1017\" data-end=\"1125\">Nosotros <strong data-start=\"1023\" data-end=\"1030\">no<\/strong> recopilar informaci\u00f3n personal si simplemente est\u00e1 navegando por el sitio sin enviar ning\u00fan formulario.<\/p>\n<p data-start=\"1127\" data-end=\"1362\">Personal information is collected <strong data-start=\"1161\" data-end=\"1199\">only if you voluntarily provide it<\/strong>, y los usuarios pueden optar por no compartir esta informaci\u00f3n. Sin embargo, elegir no proporcionar cierta informaci\u00f3n puede limitar el acceso a algunas funciones del sitio o solicitudes de servicio.<\/p>\n<p data-start=\"1364\" data-end=\"1599\">Freeman Construction Miami tambi\u00e9n puede recopilar informaci\u00f3n con fines de investigaci\u00f3n de mercado para comprender mejor las necesidades de los clientes, mejorar la oferta de servicios y notificarle sobre promociones, actualizaciones o nuevos servicios cuando se registre o se suscriba.<\/p>\n<hr data-start=\"1601\" data-end=\"1604\" \/>\n<h2 data-start=\"1606\" data-end=\"1654\"><strong data-start=\"1609\" data-end=\"1652\">Informaci\u00f3n de Identificaci\u00f3n No Personal<\/strong><\/h2>\n<p data-start=\"1655\" data-end=\"1926\">Podemos recopilar informaci\u00f3n no personal de los usuarios cada vez que interact\u00faan con nuestro sitio. Esto puede incluir el tipo de navegador, tipo de computadora o dispositivo m\u00f3vil, sistema operativo, proveedor de servicios de Internet e informaci\u00f3n t\u00e9cnica relacionada sobre c\u00f3mo los usuarios se conectan a nuestro sitio.<\/p>\n<hr data-start=\"1928\" data-end=\"1931\" \/>\n<h2 data-start=\"1933\" data-end=\"1961\"><strong data-start=\"1936\" data-end=\"1959\">Cookies del Navegador Web<\/strong><\/h2>\n<p data-start=\"1962\" data-end=\"2124\">Nuestro sitio web puede utilizar cookies para mejorar la experiencia del usuario. Las cookies pueden almacenarse en su dispositivo con fines de registro o para ayudar a rastrear cierta informaci\u00f3n.<\/p>\n<p data-start=\"2126\" data-end=\"2376\">Los usuarios pueden optar por ajustar la configuraci\u00f3n de su navegador para rechazar cookies o recibir alertas cuando se env\u00eden cookies. Tenga en cuenta que desactivar las cookies puede hacer que algunas partes del sitio no funcionen correctamente o brindar una experiencia de navegaci\u00f3n limitada.<\/p>\n<hr data-start=\"2378\" data-end=\"2381\" \/>\n<h2 data-start=\"2383\" data-end=\"2428\"><strong data-start=\"2386\" data-end=\"2426\">Disclosing Your Personal Information<\/strong><\/h2>\n<p data-start=\"2429\" data-end=\"2640\">Freeman Construction Miami does <strong data-start=\"2461\" data-end=\"2468\">no<\/strong> sell or disclose your personal information to unauthorized parties. Information collected is used strictly for administrative, communication, and service-related purposes.<\/p>\n<p data-start=\"2642\" data-end=\"2994\">By registering or submitting information on our site, you authorize us to use the information you provide to improve our services and customer experience. You also acknowledge that we may share general demographic data\u2014<em data-start=\"2861\" data-end=\"2901\">not personally identifying information<\/em>\u2014with trusted business partners and affiliates for internal analysis and service improvement.<\/p>\n<hr data-start=\"2996\" data-end=\"2999\" \/>\n<h2 data-start=\"3001\" data-end=\"3018\"><strong data-start=\"3004\" data-end=\"3016\">Security<\/strong><\/h2>\n<p data-start=\"3019\" data-end=\"3319\">We utilize appropriate data storage, security practices, and protective technology to safeguard your personal information from unauthorized access, modification, disclosure, or destruction. While no system is 100% secure, we take reasonable and industry-standard measures to protect your information.<\/p>\n<hr data-start=\"3321\" data-end=\"3324\" \/>\n<h2 data-start=\"3326\" data-end=\"3365\"><strong data-start=\"3329\" data-end=\"3363\">Changes to This Privacy Policy<\/strong><\/h2>\n<p data-start=\"3366\" data-end=\"3683\">Freeman Construction Miami reserves the right to update or modify this Privacy Policy at any time. Updated versions will be posted on our website. We encourage users to check this page periodically for any changes. By continuing to use the site after updates are posted, you acknowledge and accept the revised policy.<\/p>\n<hr data-start=\"3685\" data-end=\"3688\" \/>\n<h2 data-start=\"3690\" data-end=\"3719\"><strong data-start=\"3693\" data-end=\"3717\">Law and Jurisdiction<\/strong><\/h2>\n<p data-start=\"3720\" data-end=\"3943\">This Privacy Policy shall be governed by and interpreted in accordance with the laws of the State of Florida. Any claims or disputes relating to this policy or your use of the site must be filed within the State of Florida.<\/p>\n<hr data-start=\"3945\" data-end=\"3948\" \/>\n<h2 data-start=\"3950\" data-end=\"3989\"><strong data-start=\"3953\" data-end=\"3987\">Your Acceptance of These Terms<\/strong><\/h2>\n<p data-start=\"3990\" data-end=\"4232\">By using our site, you indicate your acceptance of this Privacy Policy. If you do not agree with this policy, please discontinue use of the site. Continued use after changes have been posted will be considered acceptance of any modifications.<\/p>\n<hr data-start=\"4234\" data-end=\"4237\" \/>\n<h2 data-start=\"4239\" data-end=\"4259\"><strong data-start=\"4242\" data-end=\"4257\">Termination<\/strong><\/h2>\n<p data-start=\"4260\" data-end=\"4383\">Freeman Construction Miami reserves the right to terminate access to our site or services at any time without prior notice.<\/p>\n<hr data-start=\"4385\" data-end=\"4388\" \/>\n<h2 data-start=\"4390\" data-end=\"4412\"><strong data-start=\"4393\" data-end=\"4410\">Contacting Us<\/strong><\/h2>\n<p data-start=\"4413\" data-end=\"4557\">If you have questions about this Privacy Policy, our website practices, or your interactions with Freeman Construction Miami, please contact us:<\/p>\n<p data-start=\"4559\" data-end=\"4694\">\ud83d\udce7\u00a0<a href=\"mailto:info@freemancontractormiami.com\">info@freemancontractormiami.com<\/a><br \/>\n\ud83d\udcde<a href=\"tel:7865790030\">(786) 579 0030<\/a>\ud83d\udccd Miami-Dade &amp; South Florida<br data-start=\"4671\" data-end=\"4674\" \/>Licensed &amp; Insured<\/p>\n<ul data-start=\"4695\" data-end=\"4880\">\n<li data-start=\"4695\" data-end=\"4745\">\n<p data-start=\"4697\" data-end=\"4745\">Professional Engineering PE #66341 \u2013 CA #31044<\/p>\n<\/li>\n<li data-start=\"4746\" data-end=\"4788\">\n<p data-start=\"4748\" data-end=\"4788\">General Contractor License CGC 1532017<\/p>\n<\/li>\n<li data-start=\"4789\" data-end=\"4814\">\n<p data-start=\"4791\" data-end=\"4814\">Electrical (licensed)<\/p>\n<\/li>\n<li data-start=\"4815\" data-end=\"4880\">\n<p data-start=\"4817\" data-end=\"4880\">HVAC, Plumbing, Gate Repair, Remodeling &amp; Construction Services<\/p>\n<\/li>\n<\/ul>","protected":false},"excerpt":{"rendered":"<p>Freeman Construction Miami \u2013 Privacy Policy Freeman Construction Miami is committed to protecting the privacy of our clients and visitors to our website. This Privacy Policy explains how we collect, use, store, and disclose information from users of our website. This policy applies solely to this website and to all services offered directly by Freeman [&hellip;]<\/p>\n","protected":false},"author":1,"featured_media":0,"parent":0,"menu_order":0,"comment_status":"closed","ping_status":"closed","template":"","meta":{"inline_featured_image":false,"footnotes":""},"class_list":["post-2064","page","type-page","status-publish","hentry"],"_links":{"self":[{"href":"https:\/\/freemancontractormiami.com\/es\/wp-json\/wp\/v2\/pages\/2064","targetHints":{"allow":["GET"]}}],"collection":[{"href":"https:\/\/freemancontractormiami.com\/es\/wp-json\/wp\/v2\/pages"}],"about":[{"href":"https:\/\/freemancontractormiami.com\/es\/wp-json\/wp\/v2\/types\/page"}],"author":[{"embeddable":true,"href":"https:\/\/freemancontractormiami.com\/es\/wp-json\/wp\/v2\/users\/1"}],"replies":[{"embeddable":true,"href":"https:\/\/freemancontractormiami.com\/es\/wp-json\/wp\/v2\/comments?post=2064"}],"version-history":[{"count":2,"href":"https:\/\/freemancontractormiami.com\/es\/wp-json\/wp\/v2\/pages\/2064\/revisions"}],"predecessor-version":[{"id":3302,"href":"https:\/\/freemancontractormiami.com\/es\/wp-json\/wp\/v2\/pages\/2064\/revisions\/3302"}],"wp:attachment":[{"href":"https:\/\/freemancontractormiami.com\/es\/wp-json\/wp\/v2\/media?parent=2064"}],"curies":[{"name":"wp","href":"https:\/\/api.w.org\/{rel}","templated":true}]}}